{"id":10530,"date":"2019-11-22T07:32:17","date_gmt":"2019-11-22T07:32:17","guid":{"rendered":"https:\/\/matterhornpellet.ch\/?page_id=10530"},"modified":"2024-10-23T08:09:37","modified_gmt":"2024-10-23T08:09:37","slug":"home","status":"publish","type":"page","link":"https:\/\/matterhornpellet.ch\/fr\/","title":{"rendered":"Home"},"content":{"rendered":"<div class=\"wpb-content-wrapper\"><p>[vc_row cspt-zindex=\u00a0\u00bb2&Prime; css=\u00a0\u00bb.vc_custom_1549943663177{margin-right: 0px !important;margin-left: 0px !important;}\u00a0\u00bb][vc_column][vc_cta h2=\u00a0\u00bbVente de pellets en sac de 15kg\u00a0\u00bb add_button=\u00a0\u00bbbottom\u00a0\u00bb btn_title=\u00a0\u00bb+41 79 323 80 29&Prime; add_icon=\u00a0\u00bbtop\u00a0\u00bb i_icon_fontawesome=\u00a0\u00bbfa fa-fire\u00a0\u00bb i_color=\u00a0\u00bbjuicy_pink\u00a0\u00bb btn_link=\u00a0\u00bb|title:%2B41%2079%20323%2080%2029||\u00a0\u00bb]Simple et pratique. Enl\u00e8vement ou livraison possible. Commandez directement maintenant![\/vc_cta][\/vc_column][vc_column cspt-bg-color=\u00a0\u00bbwhite\u00a0\u00bb cspt-zindex=\u00a0\u00bb2&Prime; el_class=\u00a0\u00bbcspt-box-shadow cspt-brdr-btm-effect\u00a0\u00bb css=\u00a0\u00bb.vc_custom_1550226390066{margin-top: -60px !important;padding-top: 40px !important;padding-right: 60px !important;padding-bottom: 30px !important;padding-left: 60px !important;}\u00a0\u00bb cspt-responsive-css=\u00a0\u00bb94483742|colbreak_no|||||||||colbreak_no|||||||||colbreak_no|60|||||30||30||colbreak_no|||||||||\u00a0\u00bb][vc_row_inner][vc_column_inner width=\u00a0\u00bb1\/2&Prime;][vc_single_image image=\u00a0\u00bb10849&Prime; img_size=\u00a0\u00bblarge\u00a0\u00bb alignment=\u00a0\u00bbcenter\u00a0\u00bb][\/vc_column_inner][vc_column_inner width=\u00a0\u00bb1\/2&Prime;][vc_single_image image=\u00a0\u00bb10847&Prime; img_size=\u00a0\u00bblarge\u00a0\u00bb alignment=\u00a0\u00bbcenter\u00a0\u00bb][\/vc_column_inner][\/vc_row_inner][vc_row_inner][vc_column_inner width=\u00a0\u00bb1\/3&Prime;][\/vc_column_inner][vc_column_inner width=\u00a0\u00bb1\/3&Prime;][\/vc_column_inner][vc_column_inner width=\u00a0\u00bb1\/3&Prime;][\/vc_column_inner][\/vc_row_inner][vc_btn title=\u00a0\u00bbProgramme de subvention\u00a0\u00bb color=\u00a0\u00bbwarning\u00a0\u00bb size=\u00a0\u00bblg\u00a0\u00bb align=\u00a0\u00bbcenter\u00a0\u00bb i_icon_fontawesome=\u00a0\u00bbfa fa-money\u00a0\u00bb button_block=\u00a0\u00bbtrue\u00a0\u00bb add_icon=\u00a0\u00bbtrue\u00a0\u00bb link=\u00a0\u00bburl:https%3A%2F%2Fwww.myclimate.org%2Ffr%2Fsinformer%2Fprojets-de-protection-climatique%2Fdetail-des-projets-de-protection-du-climat%2Fsuisse-biomasse-7822%2F||target:%20_blank|\u00a0\u00bb][\/vc_column][\/vc_row][vc_row cspt-bg-color=\u00a0\u00bbwhite\u00a0\u00bb full_width=\u00a0\u00bbstretch_row\u00a0\u00bb cspt-responsive-css=\u00a0\u00bb19833902|colbreak_no|||||||||colbreak_yes|||||||||colbreak_no|||||||50|||colbreak_no|||||||||\u00a0\u00bb][vc_column width=\u00a0\u00bb1\/2&Prime; css=\u00a0\u00bb.vc_custom_1550223998873{padding-right: 90px !important;}\u00a0\u00bb cspt-responsive-css=\u00a0\u00bb31462570|colbreak_no|||||||||colbreak_no|||||||||colbreak_no||||||15||||colbreak_no|||||||||\u00a0\u00bb][vc_column_text]Cr\u00e9ation d\u2019un nouveau site de production de pellets de bois \u00e0 \u00ab\u00a0Zum Biel\u00a0\u00bb sur la commune de Zermatt. La mati\u00e8re premi\u00e8re, \u00e0 savoir le bois sera transform\u00e9 ici \u00e0 100% en \u00e9nergie pour votre chauffage \u00e0 pellets. Gr\u00e2ce \u00e0 la technique sophistiqu\u00e9 de fabrication de pellets, le bois peut \u00eatre transform\u00e9 dans toutes ses formes en un produit 100% naturel est exempt de liants.[\/vc_column_text]<div  class=\"creativesplanet-ul-list cspt-ul-type-icon\"><ul><li><i class=\"cspt-globalcolor entypo-icon entypo-icon-check\"><\/i> Produit localement<\/li><li><i class=\"cspt-globalcolor entypo-icon entypo-icon-check\"><\/i> 100% exempt d\u2019auxiliaire de pressage<\/li><li><i class=\"cspt-globalcolor entypo-icon entypo-icon-check\"><\/i> Climatiquement neutre <\/li><li><i class=\"cspt-globalcolor entypo-icon entypo-icon-check\"><\/i> Utilisation de tous types de bois<\/li><li><i class=\"cspt-globalcolor entypo-icon entypo-icon-check\"><\/i> Livraison directe \u00e0 votre domicile<\/li><\/ul><\/div>[vc_btn title=\u00a0\u00bbContactez-nous\u00a0\u00bb style=\u00a0\u00bboutline\u00a0\u00bb color=\u00a0\u00bbgrey\u00a0\u00bb css=\u00a0\u00bb.vc_custom_1574410568232{margin-top: 30px !important;margin-bottom: 0px !important;}\u00a0\u00bb link=\u00a0\u00bburl:https%3A%2F%2Fmatterhornpellet.ch%2Fkontakt%2F|title:Kontakt||rel:follow\u00a0\u00bb][\/vc_column][vc_column width=\u00a0\u00bb1\/2&Prime; css=\u00a0\u00bb.vc_custom_1549952159126{padding-left: 54px !important;}\u00a0\u00bb cspt-responsive-css=\u00a0\u00bb92825199|colbreak_no|||||||||colbreak_no|60|||||||0|colbreak_no||||||||||colbreak_no|||||||||\u00a0\u00bb][vc_single_image image=\u00a0\u00bb10855&Prime; img_size=\u00a0\u00bb584&#215;590&Prime; css=\u00a0\u00bb.vc_custom_1729670952084{margin-bottom: 0px !important;}\u00a0\u00bb el_class=\u00a0\u00bbcspt-effect-img-2&Prime;]<div  class=\"creativesplanet-ele creativesplanet-ele-fid creativesplanet-ele-fid-style-2 \"><div class=\"cspt-fld-contents\">\r\n\t<div class=\"cspt-sbox-icon-wrapper\"><i class=\"cspt-greenly-icon cspt-greenly-icon-leaf\"><\/i><\/div>\t<h4 class=\"cspt-fid-inner\">\r\n\t\t\t\t<span\r\n\t\t\tclass\t\t\t\t  = \"cspt-number-rotate\"\r\n\t\t\tdata-appear-animation = \"animateDigits\"\r\n\t\t\tdata-from             = \"0\"\r\n\t\t\tdata-to               = \"25\"\r\n\t\t\tdata-interval         = \"5\"\r\n\t\t\tdata-before           = \"\"\r\n\t\t\tdata-before-style     = \"\"\r\n\t\t\tdata-after            = \"\"\r\n\t\t\tdata-after-style      = \"\"\r\n\t\t\t>\r\n\t\t\t\t25\t\t<\/span>\r\n\t\t<span class=\"cspt-fid-sub\"><\/span>\r\n\t<\/h4>\r\n\t<h3 class=\"cspt-fid-title\"><span>Ans d\u2019exp\u00e9rience technologique<br><\/span><\/h3>\r\n<\/div><!-- .cspt-fld-contents -->\r\n\r\n<\/div>[\/vc_column][\/vc_row][vc_row cspt-text-color=\u00a0\u00bbwhite\u00a0\u00bb cspt-bg-color=\u00a0\u00bbglobalcolor\u00a0\u00bb full_width=\u00a0\u00bbstretch_row\u00a0\u00bb css=\u00a0\u00bb.vc_custom_1549943751404{padding-top: 50px !important;padding-bottom: 50px !important;}\u00a0\u00bb][vc_column width=\u00a0\u00bb2\/3&Prime;][vc_custom_heading text=\u00a0\u00bbVisitez nos sites de production\u00a0\u00bb font_container=\u00a0\u00bbtag:h2|font_size:32px|text_align:left|line_height:40px\u00a0\u00bb use_theme_fonts=\u00a0\u00bbyes\u00a0\u00bb css=\u00a0\u00bb.vc_custom_1574408477338{margin-bottom: 8px !important;}\u00a0\u00bb][vc_column_text css=\u00a0\u00bb.vc_custom_1574408507913{margin-bottom: 0px !important;}\u00a0\u00bb]Entrez dans l\u2019univers des pellets. D\u2019ici le printemps 2020, vous aurez la possibilit\u00e9 de visiter notre site ainsi que le shop. Apr\u00e8s l\u2019inauguration, nous allons atteindre un niveau de production de 3&rsquo;000 kg\/h, les capacit\u00e9s de stockage s\u2019\u00e9l\u00e8vent \u00e0 1&rsquo;800 t de pellets.[\/vc_column_text][\/vc_column][vc_column width=\u00a0\u00bb1\/3&Prime;][vc_btn title=\u00a0\u00bbNos prestations de services\u00a0\u00bb style=\u00a0\u00bboutline\u00a0\u00bb color=\u00a0\u00bbwhite\u00a0\u00bb align=\u00a0\u00bbright\u00a0\u00bb css=\u00a0\u00bb.vc_custom_1574410607739{margin-top: 10px !important;margin-bottom: 0px !important;}\u00a0\u00bb el_class=\u00a0\u00bbcspt-align-left-767&Prime; link=\u00a0\u00bburl:https%3A%2F%2Fmatterhornpellet.ch%2Fdienstleistungen%2F|title:Dienstleistungen||rel:follow\u00a0\u00bb][\/vc_column][\/vc_row][vc_row cspt-extended-column=\u00a0\u00bbboth\u00a0\u00bb cspt-last-col-bg-color=\u00a0\u00bbwhite\u00a0\u00bb full_width=\u00a0\u00bbstretch_row\u00a0\u00bb equal_height=\u00a0\u00bbyes\u00a0\u00bb content_placement=\u00a0\u00bbmiddle\u00a0\u00bb cspt-first-col-bg-image=\u00a0\u00bb10858&Prime; cspt-responsive-css=\u00a0\u00bb73485859|colbreak_no|||||||||colbreak_yes|||||||||colbreak_no||||||||||colbreak_no|||||||||\u00a0\u00bb][vc_column width=\u00a0\u00bb1\/2&Prime;][\/vc_column][vc_column width=\u00a0\u00bb1\/2&Prime; css=\u00a0\u00bb.vc_custom_1550039160782{padding-top: 90px !important;padding-bottom: 70px !important;padding-left: 80px !important;}\u00a0\u00bb cspt-responsive-css=\u00a0\u00bb59915353|colbreak_no|||||||||colbreak_no||||||||15|colbreak_no||||||||||colbreak_no|||||||||\u00a0\u00bb][vc_column_text css=\u00a0\u00bb.vc_custom_1574408556080{margin-bottom: 70px !important;}\u00a0\u00bb]Les Pellets sont des granul\u00e9s de bois press\u00e9s d\u2019environ 40mm de long avec un diam\u00e8tre allant jusqu\u2019 \u00e0 6mm.[\/vc_column_text][vc_btn title=\u00a0\u00bbPlus\u00a0\u00bb style=\u00a0\u00bboutline\u00a0\u00bb color=\u00a0\u00bbgrey\u00a0\u00bb css=\u00a0\u00bb.vc_custom_1574410480317{margin-top: 30px !important;margin-bottom: 0px !important;}\u00a0\u00bb link=\u00a0\u00bburl:https%3A%2F%2Fmatterhornpellet.ch%2Falles-ueber-pellets%2F|title:Pellets||rel:follow\u00a0\u00bb][\/vc_column][\/vc_row][vc_row cspt-bg-color=\u00a0\u00bblight\u00a0\u00bb cspt-bg-image-position=\u00a0\u00bbright-bottom\u00a0\u00bb full_width=\u00a0\u00bbstretch_row\u00a0\u00bb css=\u00a0\u00bb.vc_custom_1568635381922{padding-bottom: 100px !important;background-position: 0 0 !important;background-repeat: no-repeat !important;}\u00a0\u00bb][vc_column][vc_row_inner el_class=\u00a0\u00bbcspt-box-2-2-991&Prime;][vc_column_inner width=\u00a0\u00bb1\/4&Prime;][\/vc_column_inner][vc_column_inner width=\u00a0\u00bb1\/4&Prime;][\/vc_column_inner][vc_column_inner width=\u00a0\u00bb1\/4&Prime;][\/vc_column_inner][vc_column_inner width=\u00a0\u00bb1\/4&Prime;][\/vc_column_inner][\/vc_row_inner][\/vc_column][\/vc_row]<\/p>\n<\/div>","protected":false},"excerpt":{"rendered":"<p>[vc_row cspt-zindex=\u00a0\u00bb2&Prime; css=\u00a0\u00bb.vc_custom_1549943663177{margin-right: 0px !important;margin-left: 0px !important;}\u00a0\u00bb][vc_column][vc_cta h2=\u00a0\u00bbVente de pellets en sac de 15kg\u00a0\u00bb add_button=\u00a0\u00bbbottom\u00a0\u00bb btn_title=\u00a0\u00bb+41 79 323 80 29&Prime; add_icon=\u00a0\u00bbtop\u00a0\u00bb i_icon_fontawesome=\u00a0\u00bbfa fa-fire\u00a0\u00bb i_color=\u00a0\u00bbjuicy_pink\u00a0\u00bb btn_link=\u00a0\u00bb|title:%2B41%2079%20323%2080%2029||\u00a0\u00bb]Simple et pratique. Enl\u00e8vement ou livraison possible. Commandez directement maintenant![\/vc_cta][\/vc_column][vc_column cspt-bg-color=\u00a0\u00bbwhite\u00a0\u00bb cspt-zindex=\u00a0\u00bb2&Prime; el_class=\u00a0\u00bbcspt-box-shadow cspt-brdr-btm-effect\u00a0\u00bb css=\u00a0\u00bb.vc_custom_1550226390066{margin-top: -60px !important;padding-top: 40px !important;padding-right: 60px !important;padding-bottom: 30px !important;padding-left: 60px !important;}\u00a0\u00bb cspt-responsive-css=\u00a0\u00bb94483742|colbreak_no|||||||||colbreak_no|||||||||colbreak_no|60|||||30||30||colbreak_no|||||||||\u00a0\u00bb][vc_row_inner][vc_column_inner width=\u00a0\u00bb1\/2&Prime;][vc_single_image image=\u00a0\u00bb10849&Prime; img_size=\u00a0\u00bblarge\u00a0\u00bb alignment=\u00a0\u00bbcenter\u00a0\u00bb][\/vc_column_inner][vc_column_inner width=\u00a0\u00bb1\/2&Prime;][vc_single_image [&hellip;]<\/p>\n","protected":false},"author":1,"featured_media":0,"parent":0,"menu_order":1,"comment_status":"closed","ping_status":"closed","template":"","meta":{"_acf_changed":false,"_monsterinsights_skip_tracking":false,"_monsterinsights_sitenote_active":false,"_monsterinsights_sitenote_note":"","_monsterinsights_sitenote_category":0,"footnotes":""},"class_list":["post-10530","page","type-page","status-publish","hentry"],"acf":[],"yoast_head":"<!-- This site is optimized with the Yoast SEO plugin v26.9 - https:\/\/yoast.com\/product\/yoast-seo-wordpress\/ -->\n<title>Home - Matterhorn Pellet AG - Pellets kaufen<\/title>\n<meta name=\"robots\" content=\"index, follow, max-snippet:-1, max-image-preview:large, max-video-preview:-1\" \/>\n<link rel=\"canonical\" href=\"https:\/\/matterhornpellet.ch\/fr\/\" \/>\n<meta property=\"og:locale\" content=\"fr_FR\" \/>\n<meta property=\"og:type\" content=\"article\" \/>\n<meta property=\"og:title\" content=\"Home - Matterhorn Pellet AG - Pellets kaufen\" \/>\n<meta property=\"og:description\" content=\"[vc_row cspt-zindex=\u00a0\u00bb2&Prime; css=\u00a0\u00bb.vc_custom_1549943663177{margin-right: 0px !important;margin-left: 0px !important;}\u00a0\u00bb][vc_column][vc_cta h2=\u00a0\u00bbVente de pellets en sac de 15kg\u00a0\u00bb add_button=\u00a0\u00bbbottom\u00a0\u00bb btn_title=\u00a0\u00bb+41 79 323 80 29&Prime; add_icon=\u00a0\u00bbtop\u00a0\u00bb i_icon_fontawesome=\u00a0\u00bbfa fa-fire\u00a0\u00bb i_color=\u00a0\u00bbjuicy_pink\u00a0\u00bb btn_link=\u00a0\u00bb|title:%2B41%2079%20323%2080%2029||\u00a0\u00bb]Simple et pratique. Enl\u00e8vement ou livraison possible. Commandez directement maintenant![\/vc_cta][\/vc_column][vc_column cspt-bg-color=\u00a0\u00bbwhite\u00a0\u00bb cspt-zindex=\u00a0\u00bb2&Prime; el_class=\u00a0\u00bbcspt-box-shadow cspt-brdr-btm-effect\u00a0\u00bb css=\u00a0\u00bb.vc_custom_1550226390066{margin-top: -60px !important;padding-top: 40px !important;padding-right: 60px !important;padding-bottom: 30px !important;padding-left: 60px !important;}\u00a0\u00bb cspt-responsive-css=\u00a0\u00bb94483742|colbreak_no|||||||||colbreak_no|||||||||colbreak_no|60|||||30||30||colbreak_no|||||||||\u00a0\u00bb][vc_row_inner][vc_column_inner width=\u00a0\u00bb1\/2&Prime;][vc_single_image image=\u00a0\u00bb10849&Prime; img_size=\u00a0\u00bblarge\u00a0\u00bb alignment=\u00a0\u00bbcenter\u00a0\u00bb][\/vc_column_inner][vc_column_inner width=\u00a0\u00bb1\/2&Prime;][vc_single_image [&hellip;]\" \/>\n<meta property=\"og:url\" content=\"https:\/\/matterhornpellet.ch\/fr\/\" \/>\n<meta property=\"og:site_name\" content=\"Matterhorn Pellet AG - Pellets kaufen\" \/>\n<meta property=\"article:modified_time\" content=\"2024-10-23T08:09:37+00:00\" \/>\n<meta name=\"twitter:card\" content=\"summary_large_image\" \/>\n<meta name=\"twitter:label1\" content=\"Dur\u00e9e de lecture estim\u00e9e\" \/>\n\t<meta name=\"twitter:data1\" content=\"3 minutes\" \/>\n<script type=\"application\/ld+json\" class=\"yoast-schema-graph\">{\"@context\":\"https:\/\/schema.org\",\"@graph\":[{\"@type\":\"WebPage\",\"@id\":\"https:\/\/matterhornpellet.ch\/fr\/\",\"url\":\"https:\/\/matterhornpellet.ch\/fr\/\",\"name\":\"Home - Matterhorn Pellet AG - Pellets kaufen\",\"isPartOf\":{\"@id\":\"https:\/\/matterhornpellet.ch\/fr\/#website\"},\"datePublished\":\"2019-11-22T07:32:17+00:00\",\"dateModified\":\"2024-10-23T08:09:37+00:00\",\"breadcrumb\":{\"@id\":\"https:\/\/matterhornpellet.ch\/fr\/#breadcrumb\"},\"inLanguage\":\"fr-FR\",\"potentialAction\":[{\"@type\":\"ReadAction\",\"target\":[\"https:\/\/matterhornpellet.ch\/fr\/\"]}]},{\"@type\":\"BreadcrumbList\",\"@id\":\"https:\/\/matterhornpellet.ch\/fr\/#breadcrumb\",\"itemListElement\":[{\"@type\":\"ListItem\",\"position\":1,\"name\":\"Startseite\",\"item\":\"https:\/\/matterhornpellet.ch\/fr\/\"},{\"@type\":\"ListItem\",\"position\":2,\"name\":\"Home\"}]},{\"@type\":\"WebSite\",\"@id\":\"https:\/\/matterhornpellet.ch\/fr\/#website\",\"url\":\"https:\/\/matterhornpellet.ch\/fr\/\",\"name\":\"Matterhorn Pellet AG - Pellets kaufen\",\"description\":\"Holzpellets Zermatt\",\"publisher\":{\"@id\":\"https:\/\/matterhornpellet.ch\/fr\/#organization\"},\"potentialAction\":[{\"@type\":\"SearchAction\",\"target\":{\"@type\":\"EntryPoint\",\"urlTemplate\":\"https:\/\/matterhornpellet.ch\/fr\/?s={search_term_string}\"},\"query-input\":{\"@type\":\"PropertyValueSpecification\",\"valueRequired\":true,\"valueName\":\"search_term_string\"}}],\"inLanguage\":\"fr-FR\"},{\"@type\":\"Organization\",\"@id\":\"https:\/\/matterhornpellet.ch\/fr\/#organization\",\"name\":\"Matterhorn Pellet AG\",\"url\":\"https:\/\/matterhornpellet.ch\/fr\/\",\"logo\":{\"@type\":\"ImageObject\",\"inLanguage\":\"fr-FR\",\"@id\":\"https:\/\/matterhornpellet.ch\/fr\/#\/schema\/logo\/image\/\",\"url\":\"\",\"contentUrl\":\"\",\"caption\":\"Matterhorn Pellet AG\"},\"image\":{\"@id\":\"https:\/\/matterhornpellet.ch\/fr\/#\/schema\/logo\/image\/\"}}]}<\/script>\n<!-- \/ Yoast SEO plugin. -->","yoast_head_json":{"title":"Home - Matterhorn Pellet AG - Pellets kaufen","robots":{"index":"index","follow":"follow","max-snippet":"max-snippet:-1","max-image-preview":"max-image-preview:large","max-video-preview":"max-video-preview:-1"},"canonical":"https:\/\/matterhornpellet.ch\/fr\/","og_locale":"fr_FR","og_type":"article","og_title":"Home - Matterhorn Pellet AG - Pellets kaufen","og_description":"[vc_row cspt-zindex=\u00a0\u00bb2&Prime; css=\u00a0\u00bb.vc_custom_1549943663177{margin-right: 0px !important;margin-left: 0px !important;}\u00a0\u00bb][vc_column][vc_cta h2=\u00a0\u00bbVente de pellets en sac de 15kg\u00a0\u00bb add_button=\u00a0\u00bbbottom\u00a0\u00bb btn_title=\u00a0\u00bb+41 79 323 80 29&Prime; add_icon=\u00a0\u00bbtop\u00a0\u00bb i_icon_fontawesome=\u00a0\u00bbfa fa-fire\u00a0\u00bb i_color=\u00a0\u00bbjuicy_pink\u00a0\u00bb btn_link=\u00a0\u00bb|title:%2B41%2079%20323%2080%2029||\u00a0\u00bb]Simple et pratique. Enl\u00e8vement ou livraison possible. Commandez directement maintenant![\/vc_cta][\/vc_column][vc_column cspt-bg-color=\u00a0\u00bbwhite\u00a0\u00bb cspt-zindex=\u00a0\u00bb2&Prime; el_class=\u00a0\u00bbcspt-box-shadow cspt-brdr-btm-effect\u00a0\u00bb css=\u00a0\u00bb.vc_custom_1550226390066{margin-top: -60px !important;padding-top: 40px !important;padding-right: 60px !important;padding-bottom: 30px !important;padding-left: 60px !important;}\u00a0\u00bb cspt-responsive-css=\u00a0\u00bb94483742|colbreak_no|||||||||colbreak_no|||||||||colbreak_no|60|||||30||30||colbreak_no|||||||||\u00a0\u00bb][vc_row_inner][vc_column_inner width=\u00a0\u00bb1\/2&Prime;][vc_single_image image=\u00a0\u00bb10849&Prime; img_size=\u00a0\u00bblarge\u00a0\u00bb alignment=\u00a0\u00bbcenter\u00a0\u00bb][\/vc_column_inner][vc_column_inner width=\u00a0\u00bb1\/2&Prime;][vc_single_image [&hellip;]","og_url":"https:\/\/matterhornpellet.ch\/fr\/","og_site_name":"Matterhorn Pellet AG - Pellets kaufen","article_modified_time":"2024-10-23T08:09:37+00:00","twitter_card":"summary_large_image","twitter_misc":{"Dur\u00e9e de lecture estim\u00e9e":"3 minutes"},"schema":{"@context":"https:\/\/schema.org","@graph":[{"@type":"WebPage","@id":"https:\/\/matterhornpellet.ch\/fr\/","url":"https:\/\/matterhornpellet.ch\/fr\/","name":"Home - Matterhorn Pellet AG - Pellets kaufen","isPartOf":{"@id":"https:\/\/matterhornpellet.ch\/fr\/#website"},"datePublished":"2019-11-22T07:32:17+00:00","dateModified":"2024-10-23T08:09:37+00:00","breadcrumb":{"@id":"https:\/\/matterhornpellet.ch\/fr\/#breadcrumb"},"inLanguage":"fr-FR","potentialAction":[{"@type":"ReadAction","target":["https:\/\/matterhornpellet.ch\/fr\/"]}]},{"@type":"BreadcrumbList","@id":"https:\/\/matterhornpellet.ch\/fr\/#breadcrumb","itemListElement":[{"@type":"ListItem","position":1,"name":"Startseite","item":"https:\/\/matterhornpellet.ch\/fr\/"},{"@type":"ListItem","position":2,"name":"Home"}]},{"@type":"WebSite","@id":"https:\/\/matterhornpellet.ch\/fr\/#website","url":"https:\/\/matterhornpellet.ch\/fr\/","name":"Matterhorn Pellet AG - Pellets kaufen","description":"Holzpellets Zermatt","publisher":{"@id":"https:\/\/matterhornpellet.ch\/fr\/#organization"},"potentialAction":[{"@type":"SearchAction","target":{"@type":"EntryPoint","urlTemplate":"https:\/\/matterhornpellet.ch\/fr\/?s={search_term_string}"},"query-input":{"@type":"PropertyValueSpecification","valueRequired":true,"valueName":"search_term_string"}}],"inLanguage":"fr-FR"},{"@type":"Organization","@id":"https:\/\/matterhornpellet.ch\/fr\/#organization","name":"Matterhorn Pellet AG","url":"https:\/\/matterhornpellet.ch\/fr\/","logo":{"@type":"ImageObject","inLanguage":"fr-FR","@id":"https:\/\/matterhornpellet.ch\/fr\/#\/schema\/logo\/image\/","url":"","contentUrl":"","caption":"Matterhorn Pellet AG"},"image":{"@id":"https:\/\/matterhornpellet.ch\/fr\/#\/schema\/logo\/image\/"}}]}},"_links":{"self":[{"href":"https:\/\/matterhornpellet.ch\/fr\/wp-json\/wp\/v2\/pages\/10530","targetHints":{"allow":["GET"]}}],"collection":[{"href":"https:\/\/matterhornpellet.ch\/fr\/wp-json\/wp\/v2\/pages"}],"about":[{"href":"https:\/\/matterhornpellet.ch\/fr\/wp-json\/wp\/v2\/types\/page"}],"author":[{"embeddable":true,"href":"https:\/\/matterhornpellet.ch\/fr\/wp-json\/wp\/v2\/users\/1"}],"replies":[{"embeddable":true,"href":"https:\/\/matterhornpellet.ch\/fr\/wp-json\/wp\/v2\/comments?post=10530"}],"version-history":[{"count":17,"href":"https:\/\/matterhornpellet.ch\/fr\/wp-json\/wp\/v2\/pages\/10530\/revisions"}],"predecessor-version":[{"id":10886,"href":"https:\/\/matterhornpellet.ch\/fr\/wp-json\/wp\/v2\/pages\/10530\/revisions\/10886"}],"wp:attachment":[{"href":"https:\/\/matterhornpellet.ch\/fr\/wp-json\/wp\/v2\/media?parent=10530"}],"curies":[{"name":"wp","href":"https:\/\/api.w.org\/{rel}","templated":true}]}}