{"id":10565,"date":"2020-02-19T07:46:10","date_gmt":"2020-02-19T07:46:10","guid":{"rendered":"https:\/\/matterhornpellet.ch\/?page_id=10565"},"modified":"2024-10-23T08:16:32","modified_gmt":"2024-10-23T08:16:32","slug":"services","status":"publish","type":"page","link":"https:\/\/matterhornpellet.ch\/fr\/services\/","title":{"rendered":"Services"},"content":{"rendered":"<div class=\"wpb-content-wrapper\"><p>[vc_row cspt-bg-color=\u00a0\u00bbwhite\u00a0\u00bb][vc_column]<div  class=\"creativesplanet-element creativesplanet-element-static_box cspt-element-static_box-style-1 creativesplanet-element-viewtype-row-column\" data-show=\"3\" data-columns=\"1\" data-loop=\"false\" data-autoplay=\"false\" data-center=\"false\" data-nav=\"false\" data-dots=\"false\" data-autoplayspeed=\"1000\" data-margin=\"\"><div class=\"creativesplanet-element-inner\"><div class=\"cspt-element-posts-wrapper row multi-columns-row\"><div class=\"cspt-ele cspt-staticbox-ele col-md-12\"><div class=\"row cspt-static-box cspt-static-box-style-1\">\r\n\t<div class=\"col-lg-6 col-md-6 cspt-contentbox\">\r\n\t    <img loading=\"lazy\" decoding=\"async\" class=\"cspt_vc_single_image-img \" src=\"https:\/\/matterhornpellet.ch\/wp-content\/uploads\/2024\/10\/pelletproduktion-zermatt-2.jpg\" width=\"600\" height=\"400\" alt=\"pelletproduktion-zermatt-2\" title=\"pelletproduktion-zermatt-2\" \/>\t<\/div>\r\n\t<div class=\"col-lg-6 col-md-6 cspt-contentbox\">\r\n\t\t<div class=\"cspt-static-box-inner\">\r\n\t\t    <div class=\"creativesplanet-box-title\"><h4>Production de pellets<\/h4><\/div>\t\t    <div class=\"creativesplanet-static-box-desc\">Sur le site de production \u00ab Zum Biel \u00bb nous produisons des pellets de haute qualit\u00e9 pour votre chauffage \u00e0 pellets. L\u2019int\u00e9gralit\u00e9 des mati\u00e8res premi\u00e8res ainsi que l\u2019\u00e9nergie proviennent de la r\u00e9gion. Nous respectons les standards en vigueur tels EN + A1 et nous produisons conform\u00e9ment aux normes.<\/div>\t\t\t\t\t<\/div>\r\n\t<\/div>\r\n<\/div><\/div><div class=\"cspt-ele cspt-staticbox-ele col-md-12\"><div class=\"row cspt-static-box cspt-static-box-style-1\">\r\n\t<div class=\"col-lg-6 col-md-6 cspt-contentbox\">\r\n\t    <img loading=\"lazy\" decoding=\"async\" class=\"cspt_vc_single_image-img \" src=\"https:\/\/matterhornpellet.ch\/wp-content\/uploads\/2024\/10\/elektro-transport-pellets-zermatt.jpg\" width=\"600\" height=\"400\" alt=\"elektro-transport-pellets-zermatt\" title=\"elektro-transport-pellets-zermatt\" \/>\t<\/div>\r\n\t<div class=\"col-lg-6 col-md-6 cspt-contentbox\">\r\n\t\t<div class=\"cspt-static-box-inner\">\r\n\t\t    <div class=\"creativesplanet-box-title\"><h4>Livraison et \u00e9vacuation des cendres<\/h4><\/div>\t\t    <div class=\"creativesplanet-static-box-desc\">Nos livraisons s\u2019effectuent depuis le site \u00ab Zum Biel \u00bb \u00e0 votre domicile par \u00e9lectro transport. Gr\u00e2ce \u00e0 des conteneurs et \u00e0 des dispositifs d\u2019injection \u00e9labor\u00e9s \u00e0 cet effet, le r\u00e8glement de circulation de Zermatt est respect\u00e9. L\u2019utilisation de camions est inutile. Si n\u00e9cessaire, les r\u00e9sidus de cendres sont \u00e9vacu\u00e9s gratuitement.<\/div>\t\t\t\t\t<\/div>\r\n\t<\/div>\r\n<\/div><\/div><div class=\"cspt-ele cspt-staticbox-ele col-md-12\"><div class=\"row cspt-static-box cspt-static-box-style-1\">\r\n\t<div class=\"col-lg-6 col-md-6 cspt-contentbox\">\r\n\t    <img loading=\"lazy\" decoding=\"async\" class=\"cspt_vc_single_image-img \" src=\"https:\/\/matterhornpellet.ch\/wp-content\/uploads\/2024\/10\/aussenofen-pellets-zermatt.jpg\" width=\"600\" height=\"400\" alt=\"aussenofen-pellets-zermatt\" title=\"aussenofen-pellets-zermatt\" \/>\t<\/div>\r\n\t<div class=\"col-lg-6 col-md-6 cspt-contentbox\">\r\n\t\t<div class=\"cspt-static-box-inner\">\r\n\t\t    <div class=\"creativesplanet-box-title\"><h4>Location de po\u00eales \u00e0 pellets<\/h4><\/div>\t\t    <div class=\"creativesplanet-static-box-desc\">Offrez \u00e0 vos h\u00f4tes une exp\u00e9rience en plein air unique dans son genre ! Les nouveaux Pelmondo Outdoor \u00ab champignons chauffants \u00bb sont neutres en CO2, de ce fait \u00e9cologique et de par leur design attirent tous les regards. Id\u00e9al pour les h\u00f4tels et restaurants ou simplement pour votre jardin. Renseignez-vous aupr\u00e8s de nous<\/div>\t\t\t\t\t<\/div>\r\n\t<\/div>\r\n<\/div><\/div><div class=\"cspt-ele cspt-staticbox-ele col-md-12\"><div class=\"row cspt-static-box cspt-static-box-style-1\">\r\n\t<div class=\"col-lg-6 col-md-6 cspt-contentbox\">\r\n\t    <img loading=\"lazy\" decoding=\"async\" class=\"cspt_vc_single_image-img \" src=\"https:\/\/matterhornpellet.ch\/wp-content\/uploads\/2024\/10\/unabhaengige-beratung-zermatt-pellets.jpg\" width=\"600\" height=\"400\" alt=\"unabhaengige-beratung-zermatt-pellets\" title=\"unabhaengige-beratung-zermatt-pellets\" \/>\t<\/div>\r\n\t<div class=\"col-lg-6 col-md-6 cspt-contentbox\">\r\n\t\t<div class=\"cspt-static-box-inner\">\r\n\t\t    <div class=\"creativesplanet-box-title\"><h4>Conseil ind\u00e9pendant<\/h4><\/div>\t\t    <div class=\"creativesplanet-static-box-desc\">Prenez les bonnes d\u00e9cisions. Nous vous conseillons \u00e0 propos de la th\u00e9matique \u00ab chauffer avec des pellets \u00bb. Installations neuves ou de remplacement d\u2019un chauffage \u00e0 pellets. Nous partageons volontiers notre savoir-faire avec vous<\/div>\t\t\t\t\t<\/div>\r\n\t<\/div>\r\n<\/div><\/div><\/div><!-- .row multi-columns-row creativesplanet-boxes-row-wrapper -->  <\/div><!-- .creativesplanet-element-inner -->   <\/div><!-- .creativesplanet-element -->  [\/vc_column][\/vc_row][vc_row][vc_column][\/vc_column][\/vc_row][vc_row][vc_column][vc_column_text]Matterhorn Pellet AG proc\u00e8de \u00e0 la fabrication de granul\u00e9s de bois sans additifs de pressage ni de produits chimiques.<\/p>\n<p>Selon la loi, une utilisation de 2% d\u2019additifs de pressage est autoris\u00e9e et ne doit pas \u00eatre d\u00e9clar\u00e9 dans la limite de ce pourcentage. Les additifs de pressage sont compos\u00e9s dans la plupart des cas d\u2019amidon de ma\u00efs provenant des USA. Ils peuvent contenir du mat\u00e9riel g\u00e9n\u00e9tiquement modifi\u00e9. Matterhorn Pellet AG n\u2019utilise aucun aliment ni autre auxiliaire de pressage.<\/p>\n<p>Un autre atout consiste dans la livraison de la mati\u00e8re premi\u00e8re, \u00e0 savoir le bois. Matterhorn Pellet AG est en mesure de produire des pellets de haute qualit\u00e9 \u00e0 partir de tout type de bois, tandis que d\u2019autres producteurs doivent recourir \u00e0 du bois de coupe propre et \u00e0 certaines esp\u00e8ces d\u2019arbre. Ceci va \u00e0 l\u2019encontre d\u2019un processus de recyclage. Gr\u00e2ce \u00e0 la collaboration avec des experts en la mati\u00e8re, nous pouvons b\u00e9n\u00e9ficier d\u2019un savoir-faire de longue date. Ces experts sont des pionniers de la production de pellets en Suisse. La technique de fabrication de pellets est hautement efficace, \u00e9cologique est \u00e9conomique. Tout cela garantit \u00e0 nos clients un produit qui se distingue dans plusieurs domaines de celui de nos concurrents. Un produit de la r\u00e9gion qui profite \u00e0 l\u2019homme et l\u2019environnement. Quiconque ach\u00e8te des pellets de Matterhorn AG agit pour la r\u00e9gion, l\u2019\u00eatre humain et notre environnement.[\/vc_column_text][\/vc_column][\/vc_row]<\/p>\n<\/div>","protected":false},"excerpt":{"rendered":"<p>[vc_row cspt-bg-color=\u00a0\u00bbwhite\u00a0\u00bb][vc_column][\/vc_column][\/vc_row][vc_row][vc_column][\/vc_column][\/vc_row][vc_row][vc_column][vc_column_text]Matterhorn Pellet AG proc\u00e8de \u00e0 la fabrication de granul\u00e9s de bois sans additifs de pressage ni de produits chimiques. Selon la loi, une utilisation de 2% d\u2019additifs de pressage est autoris\u00e9e et ne doit pas \u00eatre d\u00e9clar\u00e9 dans la limite de ce pourcentage. Les additifs de pressage sont compos\u00e9s dans la plupart des cas [&hellip;]<\/p>\n","protected":false},"author":1,"featured_media":0,"parent":0,"menu_order":1,"comment_status":"closed","ping_status":"closed","template":"","meta":{"_acf_changed":false,"_monsterinsights_skip_tracking":false,"_monsterinsights_sitenote_active":false,"_monsterinsights_sitenote_note":"","_monsterinsights_sitenote_category":0,"footnotes":""},"class_list":["post-10565","page","type-page","status-publish","hentry"],"acf":[],"yoast_head":"<!-- This site is optimized with the Yoast SEO plugin v26.9 - https:\/\/yoast.com\/product\/yoast-seo-wordpress\/ -->\n<title>Services - Matterhorn Pellet AG - Pellets kaufen<\/title>\n<meta name=\"robots\" content=\"index, follow, max-snippet:-1, max-image-preview:large, max-video-preview:-1\" \/>\n<link rel=\"canonical\" href=\"https:\/\/matterhornpellet.ch\/fr\/services\/\" \/>\n<meta property=\"og:locale\" content=\"fr_FR\" \/>\n<meta property=\"og:type\" content=\"article\" \/>\n<meta property=\"og:title\" content=\"Services - Matterhorn Pellet AG - Pellets kaufen\" \/>\n<meta property=\"og:description\" content=\"[vc_row cspt-bg-color=\u00a0\u00bbwhite\u00a0\u00bb][vc_column][\/vc_column][\/vc_row][vc_row][vc_column][\/vc_column][\/vc_row][vc_row][vc_column][vc_column_text]Matterhorn Pellet AG proc\u00e8de \u00e0 la fabrication de granul\u00e9s de bois sans additifs de pressage ni de produits chimiques. Selon la loi, une utilisation de 2% d\u2019additifs de pressage est autoris\u00e9e et ne doit pas \u00eatre d\u00e9clar\u00e9 dans la limite de ce pourcentage. Les additifs de pressage sont compos\u00e9s dans la plupart des cas [&hellip;]\" \/>\n<meta property=\"og:url\" content=\"https:\/\/matterhornpellet.ch\/fr\/services\/\" \/>\n<meta property=\"og:site_name\" content=\"Matterhorn Pellet AG - Pellets kaufen\" \/>\n<meta property=\"article:modified_time\" content=\"2024-10-23T08:16:32+00:00\" \/>\n<meta name=\"twitter:card\" content=\"summary_large_image\" \/>\n<meta name=\"twitter:label1\" content=\"Dur\u00e9e de lecture estim\u00e9e\" \/>\n\t<meta name=\"twitter:data1\" content=\"2 minutes\" \/>\n<script type=\"application\/ld+json\" class=\"yoast-schema-graph\">{\"@context\":\"https:\/\/schema.org\",\"@graph\":[{\"@type\":\"WebPage\",\"@id\":\"https:\/\/matterhornpellet.ch\/fr\/services\/\",\"url\":\"https:\/\/matterhornpellet.ch\/fr\/services\/\",\"name\":\"Services - Matterhorn Pellet AG - Pellets kaufen\",\"isPartOf\":{\"@id\":\"https:\/\/matterhornpellet.ch\/fr\/#website\"},\"datePublished\":\"2020-02-19T07:46:10+00:00\",\"dateModified\":\"2024-10-23T08:16:32+00:00\",\"breadcrumb\":{\"@id\":\"https:\/\/matterhornpellet.ch\/fr\/services\/#breadcrumb\"},\"inLanguage\":\"fr-FR\",\"potentialAction\":[{\"@type\":\"ReadAction\",\"target\":[\"https:\/\/matterhornpellet.ch\/fr\/services\/\"]}]},{\"@type\":\"BreadcrumbList\",\"@id\":\"https:\/\/matterhornpellet.ch\/fr\/services\/#breadcrumb\",\"itemListElement\":[{\"@type\":\"ListItem\",\"position\":1,\"name\":\"Startseite\",\"item\":\"https:\/\/matterhornpellet.ch\/fr\/\"},{\"@type\":\"ListItem\",\"position\":2,\"name\":\"Services\"}]},{\"@type\":\"WebSite\",\"@id\":\"https:\/\/matterhornpellet.ch\/fr\/#website\",\"url\":\"https:\/\/matterhornpellet.ch\/fr\/\",\"name\":\"Matterhorn Pellet AG - Pellets kaufen\",\"description\":\"Holzpellets Zermatt\",\"publisher\":{\"@id\":\"https:\/\/matterhornpellet.ch\/fr\/#organization\"},\"potentialAction\":[{\"@type\":\"SearchAction\",\"target\":{\"@type\":\"EntryPoint\",\"urlTemplate\":\"https:\/\/matterhornpellet.ch\/fr\/?s={search_term_string}\"},\"query-input\":{\"@type\":\"PropertyValueSpecification\",\"valueRequired\":true,\"valueName\":\"search_term_string\"}}],\"inLanguage\":\"fr-FR\"},{\"@type\":\"Organization\",\"@id\":\"https:\/\/matterhornpellet.ch\/fr\/#organization\",\"name\":\"Matterhorn Pellet AG\",\"url\":\"https:\/\/matterhornpellet.ch\/fr\/\",\"logo\":{\"@type\":\"ImageObject\",\"inLanguage\":\"fr-FR\",\"@id\":\"https:\/\/matterhornpellet.ch\/fr\/#\/schema\/logo\/image\/\",\"url\":\"\",\"contentUrl\":\"\",\"caption\":\"Matterhorn Pellet AG\"},\"image\":{\"@id\":\"https:\/\/matterhornpellet.ch\/fr\/#\/schema\/logo\/image\/\"}}]}<\/script>\n<!-- \/ Yoast SEO plugin. -->","yoast_head_json":{"title":"Services - Matterhorn Pellet AG - Pellets kaufen","robots":{"index":"index","follow":"follow","max-snippet":"max-snippet:-1","max-image-preview":"max-image-preview:large","max-video-preview":"max-video-preview:-1"},"canonical":"https:\/\/matterhornpellet.ch\/fr\/services\/","og_locale":"fr_FR","og_type":"article","og_title":"Services - Matterhorn Pellet AG - Pellets kaufen","og_description":"[vc_row cspt-bg-color=\u00a0\u00bbwhite\u00a0\u00bb][vc_column][\/vc_column][\/vc_row][vc_row][vc_column][\/vc_column][\/vc_row][vc_row][vc_column][vc_column_text]Matterhorn Pellet AG proc\u00e8de \u00e0 la fabrication de granul\u00e9s de bois sans additifs de pressage ni de produits chimiques. Selon la loi, une utilisation de 2% d\u2019additifs de pressage est autoris\u00e9e et ne doit pas \u00eatre d\u00e9clar\u00e9 dans la limite de ce pourcentage. Les additifs de pressage sont compos\u00e9s dans la plupart des cas [&hellip;]","og_url":"https:\/\/matterhornpellet.ch\/fr\/services\/","og_site_name":"Matterhorn Pellet AG - Pellets kaufen","article_modified_time":"2024-10-23T08:16:32+00:00","twitter_card":"summary_large_image","twitter_misc":{"Dur\u00e9e de lecture estim\u00e9e":"2 minutes"},"schema":{"@context":"https:\/\/schema.org","@graph":[{"@type":"WebPage","@id":"https:\/\/matterhornpellet.ch\/fr\/services\/","url":"https:\/\/matterhornpellet.ch\/fr\/services\/","name":"Services - Matterhorn Pellet AG - Pellets kaufen","isPartOf":{"@id":"https:\/\/matterhornpellet.ch\/fr\/#website"},"datePublished":"2020-02-19T07:46:10+00:00","dateModified":"2024-10-23T08:16:32+00:00","breadcrumb":{"@id":"https:\/\/matterhornpellet.ch\/fr\/services\/#breadcrumb"},"inLanguage":"fr-FR","potentialAction":[{"@type":"ReadAction","target":["https:\/\/matterhornpellet.ch\/fr\/services\/"]}]},{"@type":"BreadcrumbList","@id":"https:\/\/matterhornpellet.ch\/fr\/services\/#breadcrumb","itemListElement":[{"@type":"ListItem","position":1,"name":"Startseite","item":"https:\/\/matterhornpellet.ch\/fr\/"},{"@type":"ListItem","position":2,"name":"Services"}]},{"@type":"WebSite","@id":"https:\/\/matterhornpellet.ch\/fr\/#website","url":"https:\/\/matterhornpellet.ch\/fr\/","name":"Matterhorn Pellet AG - Pellets kaufen","description":"Holzpellets Zermatt","publisher":{"@id":"https:\/\/matterhornpellet.ch\/fr\/#organization"},"potentialAction":[{"@type":"SearchAction","target":{"@type":"EntryPoint","urlTemplate":"https:\/\/matterhornpellet.ch\/fr\/?s={search_term_string}"},"query-input":{"@type":"PropertyValueSpecification","valueRequired":true,"valueName":"search_term_string"}}],"inLanguage":"fr-FR"},{"@type":"Organization","@id":"https:\/\/matterhornpellet.ch\/fr\/#organization","name":"Matterhorn Pellet AG","url":"https:\/\/matterhornpellet.ch\/fr\/","logo":{"@type":"ImageObject","inLanguage":"fr-FR","@id":"https:\/\/matterhornpellet.ch\/fr\/#\/schema\/logo\/image\/","url":"","contentUrl":"","caption":"Matterhorn Pellet AG"},"image":{"@id":"https:\/\/matterhornpellet.ch\/fr\/#\/schema\/logo\/image\/"}}]}},"_links":{"self":[{"href":"https:\/\/matterhornpellet.ch\/fr\/wp-json\/wp\/v2\/pages\/10565","targetHints":{"allow":["GET"]}}],"collection":[{"href":"https:\/\/matterhornpellet.ch\/fr\/wp-json\/wp\/v2\/pages"}],"about":[{"href":"https:\/\/matterhornpellet.ch\/fr\/wp-json\/wp\/v2\/types\/page"}],"author":[{"embeddable":true,"href":"https:\/\/matterhornpellet.ch\/fr\/wp-json\/wp\/v2\/users\/1"}],"replies":[{"embeddable":true,"href":"https:\/\/matterhornpellet.ch\/fr\/wp-json\/wp\/v2\/comments?post=10565"}],"version-history":[{"count":6,"href":"https:\/\/matterhornpellet.ch\/fr\/wp-json\/wp\/v2\/pages\/10565\/revisions"}],"predecessor-version":[{"id":10892,"href":"https:\/\/matterhornpellet.ch\/fr\/wp-json\/wp\/v2\/pages\/10565\/revisions\/10892"}],"wp:attachment":[{"href":"https:\/\/matterhornpellet.ch\/fr\/wp-json\/wp\/v2\/media?parent=10565"}],"curies":[{"name":"wp","href":"https:\/\/api.w.org\/{rel}","templated":true}]}}