{"id":10572,"date":"2020-02-19T08:09:36","date_gmt":"2020-02-19T08:09:36","guid":{"rendered":"https:\/\/matterhornpellet.ch\/?page_id=10572"},"modified":"2020-04-20T06:06:39","modified_gmt":"2020-04-20T06:06:39","slug":"pellets","status":"publish","type":"page","link":"https:\/\/matterhornpellet.ch\/fr\/pellets\/","title":{"rendered":"Pellets"},"content":{"rendered":"<div class=\"wpb-content-wrapper\"><p>[vc_row cspt-bg-color=\u00a0\u00bbwhite\u00a0\u00bb full_width=\u00a0\u00bbstretch_row\u00a0\u00bb cspt-responsive-css=\u00a0\u00bb19833902|colbreak_no|||||||||colbreak_yes|||||||||colbreak_no|||||||50|||colbreak_no|||||||||\u00a0\u00bb][vc_column width=\u00a0\u00bb1\/2&Prime; css=\u00a0\u00bb.vc_custom_1549952159126{padding-left: 54px !important;}\u00a0\u00bb cspt-responsive-css=\u00a0\u00bb92825199|colbreak_no|||||||||colbreak_no|60|||||||0|colbreak_no||||||||||colbreak_no|||||||||\u00a0\u00bb][vc_single_image image=\u00a0\u00bb100&Prime; img_size=\u00a0\u00bb584&#215;590&Prime; css=\u00a0\u00bb.vc_custom_1568105048869{margin-bottom: 0px !important;}\u00a0\u00bb el_class=\u00a0\u00bbcspt-effect-img-2&Prime;][\/vc_column][vc_column width=\u00a0\u00bb1\/2&Prime; css=\u00a0\u00bb.vc_custom_1550223998873{padding-right: 90px !important;}\u00a0\u00bb cspt-responsive-css=\u00a0\u00bb31462570|colbreak_no|||||||||colbreak_no|||||||||colbreak_no||||||15||||colbreak_no|||||||||\u00a0\u00bb][vc_column_text]Les Pellets, un carburant renouvelable.<\/p>\n<p>Les Pellets sont des granul\u00e9s de bois press\u00e9s d\u2019environ 40mm de long avec un diam\u00e8tre allant jusqu\u2019 \u00e0 6mm. Une fois stock\u00e9 dans l\u2019entrep\u00f4t du client, la quantit\u00e9 requise de combustible est transport\u00e9e automatiquement d\u00e8s que n\u00e9cessaire par la vis sans fin dans le bac de combustion. L\u2019\u00e9nergie ainsi produite est r\u00e9partie via le syst\u00e8me de chauffage dans toute la maison et permet ainsi d\u2019avoir de la chaleur et de l\u2019eau chaude.<\/p>\n<p>Il s\u2019agit d\u2019une technique ancestrale, qui servait \u00e0 produire il y a d\u00e9j\u00e0 des milliers d\u2019ann\u00e9es une chaleur agr\u00e9able.[\/vc_column_text][\/vc_column][\/vc_row][vc_row cspt-bg-color=\u00a0\u00bbwhite\u00a0\u00bb full_width=\u00a0\u00bbstretch_row\u00a0\u00bb cspt-responsive-css=\u00a0\u00bb19833902|colbreak_no|||||||||colbreak_yes|||||||||colbreak_no|||||||50|||colbreak_no|||||||||\u00a0\u00bb][vc_column width=\u00a0\u00bb1\/2&Prime; css=\u00a0\u00bb.vc_custom_1549952159126{padding-left: 54px !important;}\u00a0\u00bb cspt-responsive-css=\u00a0\u00bb92825199|colbreak_no|||||||||colbreak_no|60|||||||0|colbreak_no||||||||||colbreak_no|||||||||\u00a0\u00bb][vc_single_image image=\u00a0\u00bb10245&Prime; img_size=\u00a0\u00bb584&#215;590&Prime; css=\u00a0\u00bb.vc_custom_1568105542724{margin-bottom: 0px !important;}\u00a0\u00bb el_class=\u00a0\u00bbcspt-effect-img-2&Prime;][\/vc_column][vc_column width=\u00a0\u00bb1\/2&Prime; css=\u00a0\u00bb.vc_custom_1550223998873{padding-right: 90px !important;}\u00a0\u00bb cspt-responsive-css=\u00a0\u00bb31462570|colbreak_no|||||||||colbreak_no|||||||||colbreak_no||||||15||||colbreak_no|||||||||\u00a0\u00bb][vc_column_text]De nombreux biens immobiliers sont \u00e9quip\u00e9s de chauffages \u00e0 gaz ou au mazout.<\/p>\n<p>Ces chauffages utilisent des mati\u00e8res premi\u00e8res fossiles qui ne seront pas disponibles sans limites.<\/p>\n<p>Il est incertain de savoir jusqu\u2019\u00e0 quand ces mati\u00e8res seront \u00e0 notre disposition.<\/p>\n<p>Le p\u00e9trole ainsi que le gaz sont extraits du sol pour \u00eatre brul\u00e9s dans nos chauffages. A long terme, cela am\u00e8nera \u00e0 des p\u00e9nuries de mati\u00e8res premi\u00e8res et \u00e0 des rench\u00e9rissements \u00e9galement au niveau des installations de syst\u00e8mes de chauffage de mati\u00e8res fossiles.<\/p>\n<p>Un autre probl\u00e8me li\u00e9 aux combustibles fossiles est l\u2019atteinte \u00e0 l\u2019environnement.<\/p>\n<p>Par la combustion se forment des particules fines qui s\u2019\u00e9chappent en forme de CO2 dans l\u2019atmosph\u00e8re. Cela a un impact tr\u00e8s n\u00e9gatif sur l\u2019environnement et contribue au r\u00e9chauffement climatique.<\/p>\n<p>Dans le cadre de l\u2019accord de Paris sur le climat, la Suisse s\u2019est engag\u00e9e \u00e0 r\u00e9duire ses \u00e9missions de gaz \u00e0 effet de serre de moiti\u00e9 par rapport aux niveaux de 1990 d\u2019ici 2030.<\/p>\n<p>En raison des nouvelles connaissances du Conseil mondial du climat, le Conseil f\u00e9d\u00e9ral a d\u00e9cid\u00e9 lors de sa s\u00e9ance du 28 ao\u00fbt 2019, de durcir les mesures. Ainsi, la Suisse ne devrait plus \u00e9mettre d\u2019\u00e9missions de gaz \u00e0 effet de serre d\u2019ici 2050. La Suisse r\u00e9pond ainsi \u00e0 l\u2019objectif convenu au niveau international de limiter le r\u00e9chauffement climatique \u00e0 1,5\u00b0C au maximum par rapport \u00e0 la p\u00e9riode pr\u00e9industrielle.<\/p>\n<p>Les longs trajets de transport depuis les sites de productions (proche orient, USA, Norv\u00e8ge, Russie etc.) repr\u00e9sentent un bilan n\u00e9gatif tant sur le plan \u00e9cologique qu\u2019\u00e9conomique. Non seulement, les longs transports \u00e0 travers le monde entier jusque dans nos contr\u00e9es co\u00fbtent chers, mais sont \u00e9galement hautement nocifs pour l\u2019environnement.[\/vc_column_text][\/vc_column][\/vc_row][vc_row cspt-bg-color=\u00a0\u00bbwhite\u00a0\u00bb full_width=\u00a0\u00bbstretch_row\u00a0\u00bb cspt-responsive-css=\u00a0\u00bb19833902|colbreak_no|||||||||colbreak_yes|||||||||colbreak_no|||||||50|||colbreak_no|||||||||\u00a0\u00bb][vc_column width=\u00a0\u00bb1\/2&Prime; css=\u00a0\u00bb.vc_custom_1549952159126{padding-left: 54px !important;}\u00a0\u00bb cspt-responsive-css=\u00a0\u00bb92825199|colbreak_no|||||||||colbreak_no|60|||||||0|colbreak_no||||||||||colbreak_no|||||||||\u00a0\u00bb][vc_single_image image=\u00a0\u00bb10248&Prime; img_size=\u00a0\u00bb584&#215;590&Prime; css=\u00a0\u00bb.vc_custom_1568106072031{margin-bottom: 0px !important;}\u00a0\u00bb el_class=\u00a0\u00bbcspt-effect-img-2&Prime;][\/vc_column][vc_column width=\u00a0\u00bb1\/2&Prime; css=\u00a0\u00bb.vc_custom_1550223998873{padding-right: 90px !important;}\u00a0\u00bb cspt-responsive-css=\u00a0\u00bb31462570|colbreak_no|||||||||colbreak_no|||||||||colbreak_no||||||15||||colbreak_no|||||||||\u00a0\u00bb][vc_column_text]Lors de la production de pellets, 100% de bois naturel est transform\u00e9. Le bois est une mati\u00e8re premi\u00e8re renouvelable qui, dans la plupart des cas, peut \u00eatre obtenu localement.<\/p>\n<p>Nous transformons non seulement l\u2019arbre dans son int\u00e9gralit\u00e9, mais \u00e9galement des sous-produits de bois issus de l\u2019industrie et de la construction \u00e0 condition qu\u2019ils soient non trait\u00e9s.<\/p>\n<p>L\u2019utilisation de pellets favorise le processus de recyclage et veille \u00e0 ce que les d\u00e9chets de bois ne soient br\u00fbl\u00e9s en vain. Les d\u00e9chets, qui ne peuvent \u00eatre transform\u00e9s, entrent dans le processus de s\u00e9chage.<\/p>\n<p>Le bois est un combustible qui se renouvelle localement et qui n\u2019a pas besoin d\u2019\u00eatre transport\u00e9 \u00e0 travers la moiti\u00e9 du globe.<\/p>\n<p>La production du combustible\u00a0bois ne demande que peu d\u2019efforts et reste disponible en permanence.<\/p>\n<p>Les pellets de bois sont neutres en carbone. Lors du processus de combustion, du CO2 est lib\u00e9r\u00e9, qui a \u00e9t\u00e9 absorb\u00e9 par l\u2019arbre lors de sa croissance, \u00e9vitant un impact n\u00e9gatif sur l\u2019environnement.<\/p>\n<p>Le bois est \u00e0 disposition en abondance, la s\u00e9curit\u00e9 de l\u2019approvisionnement est ainsi garantie. Les prix de la mati\u00e8re premi\u00e8re bois, donc aussi des pellets, sont r\u00e9gionaux et ne sont pas soumis \u00e0 des sp\u00e9culations sur les march\u00e9s des mati\u00e8res premi\u00e8res comme c\u2019est le cas pour le p\u00e9trole et le gaz. Il en r\u00e9sulte la garantie de prix stables et substantiellement avantageux en comparaison avec les chauffages classiques.[\/vc_column_text][\/vc_column][\/vc_row][vc_row cspt-bg-color=\u00a0\u00bbwhite\u00a0\u00bb full_width=\u00a0\u00bbstretch_row\u00a0\u00bb cspt-responsive-css=\u00a0\u00bb19833902|colbreak_no|||||||||colbreak_yes|||||||||colbreak_no|||||||50|||colbreak_no|||||||||\u00a0\u00bb][vc_column width=\u00a0\u00bb1\/2&Prime; css=\u00a0\u00bb.vc_custom_1549952159126{padding-left: 54px !important;}\u00a0\u00bb cspt-responsive-css=\u00a0\u00bb92825199|colbreak_no|||||||||colbreak_no|60|||||||0|colbreak_no||||||||||colbreak_no|||||||||\u00a0\u00bb][vc_single_image image=\u00a0\u00bb10177&Prime; img_size=\u00a0\u00bb584&#215;590&Prime; css=\u00a0\u00bb.vc_custom_1568106657049{margin-bottom: 0px !important;}\u00a0\u00bb el_class=\u00a0\u00bbcspt-effect-img-2&Prime;][\/vc_column][vc_column width=\u00a0\u00bb1\/2&Prime; css=\u00a0\u00bb.vc_custom_1550223998873{padding-right: 90px !important;}\u00a0\u00bb cspt-responsive-css=\u00a0\u00bb31462570|colbreak_no|||||||||colbreak_no|||||||||colbreak_no||||||15||||colbreak_no|||||||||\u00a0\u00bb][vc_column_text]Afin de respecter cette pens\u00e9e \u00e9cologique et la neutralit\u00e9 climatique, il est important d\u2019avoir recours \u00e0 des mati\u00e8res premi\u00e8res de la r\u00e9gion et de produire localement, afin de raccourcir les trajectoires de transport. Ceci ne concerne pas que le transport du produit fini, mais \u00e9galement celui de la mati\u00e8re premi\u00e8re. L\u2019importation de pellets de l\u2019\u00e9tranger pr\u00e9sente diff\u00e9rents probl\u00e8mes\u00a0: Les longs trajets de transport, la d\u00e9forestation et le manque de restauration des for\u00eats endommag\u00e9es ont des r\u00e9percussions n\u00e9gatives \u00e0 long terme sur notre environnement.<\/p>\n<p>La mention 100% climatiquement neutre ne doit en aucun cas \u00eatre ternie par des importations bon march\u00e9 ou des fournisseurs peu s\u00e9rieux. L\u2019\u00e9nergie utilis\u00e9 lors de la production doit provenir de source s\u00fbre. Ainsi, la combinaison d\u2019\u00e9nergie solaire, hydraulique ou la bio\u00e9nergie contribuent \u00e0 promouvoir un cycle de production vert.[\/vc_column_text][\/vc_column][\/vc_row][vc_row cspt-bg-color=\u00a0\u00bblight\u00a0\u00bb cspt-bg-image-position=\u00a0\u00bbright-bottom\u00a0\u00bb full_width=\u00a0\u00bbstretch_row\u00a0\u00bb css=\u00a0\u00bb.vc_custom_1548739055171{padding-bottom: 100px !important;background-image: url(http:\/\/demo.creativesplanet.com\/greenly\/greenly-datasite\/wp-content\/uploads\/sites\/9\/2018\/12\/bg_01_01-new.png?id=8718) !important;background-position: 0 0 !important;background-repeat: no-repeat !important;}\u00a0\u00bb][vc_column][vc_column_text]Pour la production de pellets, nous utilisons uniquement du bois non trait\u00e9 (d\u00e9chets de bois de la for\u00eat, copeaux et sous-produits propres de scierie). Apr\u00e8s la livraison, la mati\u00e8re premi\u00e8re est broy\u00e9e et transform\u00e9e en une mati\u00e8re assez homog\u00e8ne.<\/p>\n<p>Ensuite elle est d\u00e9shumidifi\u00e9e dans un s\u00e9choir. Le s\u00e9chage se fait \u00e0 l\u2019aide d\u2019une \u00e9nergie verte si possible, chaudi\u00e8re biomasse aliment\u00e9e par les r\u00e9sidus de bois de moindre qualit\u00e9 telles que les \u00e9corces.<\/p>\n<p>Apr\u00e8s un stockage interm\u00e9diaire, les copeaux passent dans un s\u00e9parateur de m\u00e9taux et de mat\u00e9riaux lourds afin d\u2019enlever toutes les particules \u00e9trang\u00e8res sans additifs chimiques.<\/p>\n<p>Ces copeaux passent ensuite dans un broyeur \u00e0 marteaux jusqu\u2019\u00e0 l\u2019obtention d\u2019une masse homog\u00e8ne de copeaux de bois.<\/p>\n<p>Dans l\u2019\u00e9tape suivante on ajoute de l\u2019eau pour atteindre un taux d\u2019humidit\u00e9 r\u00e9gulier. Puis, les copeaux sont comprim\u00e9s dans la presse \u00e0 granul\u00e9s \u00e0 travers une matrice annulaire. La pression et la chaleur de friction permettent de liqu\u00e9fier la lignine contenue dans le bois.<\/p>\n<p>Celle-ci se lie avec l\u2019humidit\u00e9 restante et constitue ainsi une colle naturelle qui maintient les pellets ensemble. Les b\u00e2tonnets ainsi obtenus sont d\u00e9coup\u00e9s \u00e0 la longueur souhait\u00e9e et transport\u00e9s dans un r\u00e9cipient de refroidissement. Dans la derni\u00e8re \u00e9tape, les pellets sont d\u00e9barrass\u00e9s des derniers r\u00e9sidus et peuvent d\u00e9sormais \u00eatre stock\u00e9s dans les silos.<\/p>\n<p>De l\u00e0, les pellets sont charg\u00e9s dans les camions et achemin\u00e9s vers le destinataire.<\/p>\n<p>Chez le client, les pellets sont pomp\u00e9s dans l\u2019entrep\u00f4t pr\u00e9vu \u00e0 cet effet d\u2019o\u00f9 ils sont amen\u00e9s directement dans la chaudi\u00e8re par une vis sans fin.<\/p>\n<p>Ici, ils sont br\u00fbl\u00e9s, l\u2019\u00e9nergie ainsi produite chauffe de l\u2019eau, qui est transport\u00e9e dans un r\u00e9servoir (m\u00eame proc\u00e9d\u00e9 que pour les autres types de chauffage).<\/p>\n<p>De l\u00e0, la chaleur est transmise par le syst\u00e8me de chauffage dans les diff\u00e9rentes pi\u00e8ces de la maison ou chauff\u00e9e par un \u00e9changeur thermique d\u2019eau pour la consommation quotidienne.[\/vc_column_text][\/vc_column][\/vc_row][vc_row cspt-text-color=\u00a0\u00bbwhite\u00a0\u00bb cspt-bg-color=\u00a0\u00bbglobalcolor\u00a0\u00bb full_width=\u00a0\u00bbstretch_row\u00a0\u00bb css=\u00a0\u00bb.vc_custom_1549943751404{padding-top: 50px !important;padding-bottom: 50px !important;}\u00a0\u00bb][vc_column width=\u00a0\u00bb2\/3&Prime;][vc_custom_heading text=\u00a0\u00bbTout sp\u00e9cialement pour vous.\u00a0\u00bb font_container=\u00a0\u00bbtag:h2|font_size:32px|text_align:left|line_height:40px\u00a0\u00bb use_theme_fonts=\u00a0\u00bbyes\u00a0\u00bb css=\u00a0\u00bb.vc_custom_1582099769681{margin-bottom: 8px !important;}\u00a0\u00bb][vc_column_text css=\u00a0\u00bb.vc_custom_1582099757824{margin-bottom: 0px !important;}\u00a0\u00bb]Nous vous conseillons de mani\u00e8re ind\u00e9pendante et avec comp\u00e9tence, sur les nouvelles installations de chauffage \u00e0 pellets et installations de remplacement.[\/vc_column_text][\/vc_column][vc_column width=\u00a0\u00bb1\/3&Prime;][vc_btn title=\u00a0\u00bbToutes nos prestations de services\u00a0\u00bb style=\u00a0\u00bboutline\u00a0\u00bb color=\u00a0\u00bbwhite\u00a0\u00bb align=\u00a0\u00bbright\u00a0\u00bb css=\u00a0\u00bb.vc_custom_1587362792422{margin-top: 10px !important;margin-bottom: 0px !important;}\u00a0\u00bb el_class=\u00a0\u00bbcspt-align-left-767&Prime; link=\u00a0\u00bburl:https%3A%2F%2Fmatterhornpellet.ch%2Ffr%2Fservices%2F|title:Dienstleistungen||\u00a0\u00bb][\/vc_column][\/vc_row]<\/p>\n<\/div>","protected":false},"excerpt":{"rendered":"<p>[vc_row cspt-bg-color=\u00a0\u00bbwhite\u00a0\u00bb full_width=\u00a0\u00bbstretch_row\u00a0\u00bb cspt-responsive-css=\u00a0\u00bb19833902|colbreak_no|||||||||colbreak_yes|||||||||colbreak_no|||||||50|||colbreak_no|||||||||\u00a0\u00bb][vc_column width=\u00a0\u00bb1\/2&Prime; css=\u00a0\u00bb.vc_custom_1549952159126{padding-left: 54px !important;}\u00a0\u00bb cspt-responsive-css=\u00a0\u00bb92825199|colbreak_no|||||||||colbreak_no|60|||||||0|colbreak_no||||||||||colbreak_no|||||||||\u00a0\u00bb][vc_single_image image=\u00a0\u00bb100&Prime; img_size=\u00a0\u00bb584&#215;590&Prime; css=\u00a0\u00bb.vc_custom_1568105048869{margin-bottom: 0px !important;}\u00a0\u00bb el_class=\u00a0\u00bbcspt-effect-img-2&Prime;][\/vc_column][vc_column width=\u00a0\u00bb1\/2&Prime; css=\u00a0\u00bb.vc_custom_1550223998873{padding-right: 90px !important;}\u00a0\u00bb cspt-responsive-css=\u00a0\u00bb31462570|colbreak_no|||||||||colbreak_no|||||||||colbreak_no||||||15||||colbreak_no|||||||||\u00a0\u00bb][vc_column_text]Les Pellets, un carburant renouvelable. Les Pellets sont des granul\u00e9s de bois press\u00e9s d\u2019environ 40mm de long avec un diam\u00e8tre allant jusqu\u2019 \u00e0 6mm. Une fois stock\u00e9 dans l\u2019entrep\u00f4t du client, la quantit\u00e9 requise de combustible [&hellip;]<\/p>\n","protected":false},"author":1,"featured_media":0,"parent":0,"menu_order":1,"comment_status":"closed","ping_status":"closed","template":"","meta":{"_acf_changed":false,"_monsterinsights_skip_tracking":false,"_monsterinsights_sitenote_active":false,"_monsterinsights_sitenote_note":"","_monsterinsights_sitenote_category":0,"footnotes":""},"class_list":["post-10572","page","type-page","status-publish","hentry"],"acf":[],"yoast_head":"<!-- This site is optimized with the Yoast SEO plugin v26.9 - https:\/\/yoast.com\/product\/yoast-seo-wordpress\/ -->\n<title>Pellets - Matterhorn Pellet AG - Pellets kaufen<\/title>\n<meta name=\"robots\" content=\"index, follow, max-snippet:-1, max-image-preview:large, max-video-preview:-1\" \/>\n<link rel=\"canonical\" href=\"https:\/\/matterhornpellet.ch\/fr\/pellets\/\" \/>\n<meta property=\"og:locale\" content=\"fr_FR\" \/>\n<meta property=\"og:type\" content=\"article\" \/>\n<meta property=\"og:title\" content=\"Pellets - Matterhorn Pellet AG - Pellets kaufen\" \/>\n<meta property=\"og:description\" content=\"[vc_row cspt-bg-color=\u00a0\u00bbwhite\u00a0\u00bb full_width=\u00a0\u00bbstretch_row\u00a0\u00bb cspt-responsive-css=\u00a0\u00bb19833902|colbreak_no|||||||||colbreak_yes|||||||||colbreak_no|||||||50|||colbreak_no|||||||||\u00a0\u00bb][vc_column width=\u00a0\u00bb1\/2&Prime; css=\u00a0\u00bb.vc_custom_1549952159126{padding-left: 54px !important;}\u00a0\u00bb cspt-responsive-css=\u00a0\u00bb92825199|colbreak_no|||||||||colbreak_no|60|||||||0|colbreak_no||||||||||colbreak_no|||||||||\u00a0\u00bb][vc_single_image image=\u00a0\u00bb100&Prime; img_size=\u00a0\u00bb584&#215;590&Prime; css=\u00a0\u00bb.vc_custom_1568105048869{margin-bottom: 0px !important;}\u00a0\u00bb el_class=\u00a0\u00bbcspt-effect-img-2&Prime;][\/vc_column][vc_column width=\u00a0\u00bb1\/2&Prime; css=\u00a0\u00bb.vc_custom_1550223998873{padding-right: 90px !important;}\u00a0\u00bb cspt-responsive-css=\u00a0\u00bb31462570|colbreak_no|||||||||colbreak_no|||||||||colbreak_no||||||15||||colbreak_no|||||||||\u00a0\u00bb][vc_column_text]Les Pellets, un carburant renouvelable. Les Pellets sont des granul\u00e9s de bois press\u00e9s d\u2019environ 40mm de long avec un diam\u00e8tre allant jusqu\u2019 \u00e0 6mm. Une fois stock\u00e9 dans l\u2019entrep\u00f4t du client, la quantit\u00e9 requise de combustible [&hellip;]\" \/>\n<meta property=\"og:url\" content=\"https:\/\/matterhornpellet.ch\/fr\/pellets\/\" \/>\n<meta property=\"og:site_name\" content=\"Matterhorn Pellet AG - Pellets kaufen\" \/>\n<meta property=\"article:modified_time\" content=\"2020-04-20T06:06:39+00:00\" \/>\n<meta name=\"twitter:card\" content=\"summary_large_image\" \/>\n<meta name=\"twitter:label1\" content=\"Dur\u00e9e de lecture estim\u00e9e\" \/>\n\t<meta name=\"twitter:data1\" content=\"9 minutes\" \/>\n<script type=\"application\/ld+json\" class=\"yoast-schema-graph\">{\"@context\":\"https:\/\/schema.org\",\"@graph\":[{\"@type\":\"WebPage\",\"@id\":\"https:\/\/matterhornpellet.ch\/fr\/pellets\/\",\"url\":\"https:\/\/matterhornpellet.ch\/fr\/pellets\/\",\"name\":\"Pellets - Matterhorn Pellet AG - Pellets kaufen\",\"isPartOf\":{\"@id\":\"https:\/\/matterhornpellet.ch\/fr\/#website\"},\"datePublished\":\"2020-02-19T08:09:36+00:00\",\"dateModified\":\"2020-04-20T06:06:39+00:00\",\"breadcrumb\":{\"@id\":\"https:\/\/matterhornpellet.ch\/fr\/pellets\/#breadcrumb\"},\"inLanguage\":\"fr-FR\",\"potentialAction\":[{\"@type\":\"ReadAction\",\"target\":[\"https:\/\/matterhornpellet.ch\/fr\/pellets\/\"]}]},{\"@type\":\"BreadcrumbList\",\"@id\":\"https:\/\/matterhornpellet.ch\/fr\/pellets\/#breadcrumb\",\"itemListElement\":[{\"@type\":\"ListItem\",\"position\":1,\"name\":\"Startseite\",\"item\":\"https:\/\/matterhornpellet.ch\/fr\/\"},{\"@type\":\"ListItem\",\"position\":2,\"name\":\"Pellets\"}]},{\"@type\":\"WebSite\",\"@id\":\"https:\/\/matterhornpellet.ch\/fr\/#website\",\"url\":\"https:\/\/matterhornpellet.ch\/fr\/\",\"name\":\"Matterhorn Pellet AG - Pellets kaufen\",\"description\":\"Holzpellets Zermatt\",\"publisher\":{\"@id\":\"https:\/\/matterhornpellet.ch\/fr\/#organization\"},\"potentialAction\":[{\"@type\":\"SearchAction\",\"target\":{\"@type\":\"EntryPoint\",\"urlTemplate\":\"https:\/\/matterhornpellet.ch\/fr\/?s={search_term_string}\"},\"query-input\":{\"@type\":\"PropertyValueSpecification\",\"valueRequired\":true,\"valueName\":\"search_term_string\"}}],\"inLanguage\":\"fr-FR\"},{\"@type\":\"Organization\",\"@id\":\"https:\/\/matterhornpellet.ch\/fr\/#organization\",\"name\":\"Matterhorn Pellet AG\",\"url\":\"https:\/\/matterhornpellet.ch\/fr\/\",\"logo\":{\"@type\":\"ImageObject\",\"inLanguage\":\"fr-FR\",\"@id\":\"https:\/\/matterhornpellet.ch\/fr\/#\/schema\/logo\/image\/\",\"url\":\"\",\"contentUrl\":\"\",\"caption\":\"Matterhorn Pellet AG\"},\"image\":{\"@id\":\"https:\/\/matterhornpellet.ch\/fr\/#\/schema\/logo\/image\/\"}}]}<\/script>\n<!-- \/ Yoast SEO plugin. -->","yoast_head_json":{"title":"Pellets - Matterhorn Pellet AG - Pellets kaufen","robots":{"index":"index","follow":"follow","max-snippet":"max-snippet:-1","max-image-preview":"max-image-preview:large","max-video-preview":"max-video-preview:-1"},"canonical":"https:\/\/matterhornpellet.ch\/fr\/pellets\/","og_locale":"fr_FR","og_type":"article","og_title":"Pellets - Matterhorn Pellet AG - Pellets kaufen","og_description":"[vc_row cspt-bg-color=\u00a0\u00bbwhite\u00a0\u00bb full_width=\u00a0\u00bbstretch_row\u00a0\u00bb cspt-responsive-css=\u00a0\u00bb19833902|colbreak_no|||||||||colbreak_yes|||||||||colbreak_no|||||||50|||colbreak_no|||||||||\u00a0\u00bb][vc_column width=\u00a0\u00bb1\/2&Prime; css=\u00a0\u00bb.vc_custom_1549952159126{padding-left: 54px !important;}\u00a0\u00bb cspt-responsive-css=\u00a0\u00bb92825199|colbreak_no|||||||||colbreak_no|60|||||||0|colbreak_no||||||||||colbreak_no|||||||||\u00a0\u00bb][vc_single_image image=\u00a0\u00bb100&Prime; img_size=\u00a0\u00bb584&#215;590&Prime; css=\u00a0\u00bb.vc_custom_1568105048869{margin-bottom: 0px !important;}\u00a0\u00bb el_class=\u00a0\u00bbcspt-effect-img-2&Prime;][\/vc_column][vc_column width=\u00a0\u00bb1\/2&Prime; css=\u00a0\u00bb.vc_custom_1550223998873{padding-right: 90px !important;}\u00a0\u00bb cspt-responsive-css=\u00a0\u00bb31462570|colbreak_no|||||||||colbreak_no|||||||||colbreak_no||||||15||||colbreak_no|||||||||\u00a0\u00bb][vc_column_text]Les Pellets, un carburant renouvelable. Les Pellets sont des granul\u00e9s de bois press\u00e9s d\u2019environ 40mm de long avec un diam\u00e8tre allant jusqu\u2019 \u00e0 6mm. Une fois stock\u00e9 dans l\u2019entrep\u00f4t du client, la quantit\u00e9 requise de combustible [&hellip;]","og_url":"https:\/\/matterhornpellet.ch\/fr\/pellets\/","og_site_name":"Matterhorn Pellet AG - Pellets kaufen","article_modified_time":"2020-04-20T06:06:39+00:00","twitter_card":"summary_large_image","twitter_misc":{"Dur\u00e9e de lecture estim\u00e9e":"9 minutes"},"schema":{"@context":"https:\/\/schema.org","@graph":[{"@type":"WebPage","@id":"https:\/\/matterhornpellet.ch\/fr\/pellets\/","url":"https:\/\/matterhornpellet.ch\/fr\/pellets\/","name":"Pellets - Matterhorn Pellet AG - Pellets kaufen","isPartOf":{"@id":"https:\/\/matterhornpellet.ch\/fr\/#website"},"datePublished":"2020-02-19T08:09:36+00:00","dateModified":"2020-04-20T06:06:39+00:00","breadcrumb":{"@id":"https:\/\/matterhornpellet.ch\/fr\/pellets\/#breadcrumb"},"inLanguage":"fr-FR","potentialAction":[{"@type":"ReadAction","target":["https:\/\/matterhornpellet.ch\/fr\/pellets\/"]}]},{"@type":"BreadcrumbList","@id":"https:\/\/matterhornpellet.ch\/fr\/pellets\/#breadcrumb","itemListElement":[{"@type":"ListItem","position":1,"name":"Startseite","item":"https:\/\/matterhornpellet.ch\/fr\/"},{"@type":"ListItem","position":2,"name":"Pellets"}]},{"@type":"WebSite","@id":"https:\/\/matterhornpellet.ch\/fr\/#website","url":"https:\/\/matterhornpellet.ch\/fr\/","name":"Matterhorn Pellet AG - Pellets kaufen","description":"Holzpellets Zermatt","publisher":{"@id":"https:\/\/matterhornpellet.ch\/fr\/#organization"},"potentialAction":[{"@type":"SearchAction","target":{"@type":"EntryPoint","urlTemplate":"https:\/\/matterhornpellet.ch\/fr\/?s={search_term_string}"},"query-input":{"@type":"PropertyValueSpecification","valueRequired":true,"valueName":"search_term_string"}}],"inLanguage":"fr-FR"},{"@type":"Organization","@id":"https:\/\/matterhornpellet.ch\/fr\/#organization","name":"Matterhorn Pellet AG","url":"https:\/\/matterhornpellet.ch\/fr\/","logo":{"@type":"ImageObject","inLanguage":"fr-FR","@id":"https:\/\/matterhornpellet.ch\/fr\/#\/schema\/logo\/image\/","url":"","contentUrl":"","caption":"Matterhorn Pellet AG"},"image":{"@id":"https:\/\/matterhornpellet.ch\/fr\/#\/schema\/logo\/image\/"}}]}},"_links":{"self":[{"href":"https:\/\/matterhornpellet.ch\/fr\/wp-json\/wp\/v2\/pages\/10572","targetHints":{"allow":["GET"]}}],"collection":[{"href":"https:\/\/matterhornpellet.ch\/fr\/wp-json\/wp\/v2\/pages"}],"about":[{"href":"https:\/\/matterhornpellet.ch\/fr\/wp-json\/wp\/v2\/types\/page"}],"author":[{"embeddable":true,"href":"https:\/\/matterhornpellet.ch\/fr\/wp-json\/wp\/v2\/users\/1"}],"replies":[{"embeddable":true,"href":"https:\/\/matterhornpellet.ch\/fr\/wp-json\/wp\/v2\/comments?post=10572"}],"version-history":[{"count":3,"href":"https:\/\/matterhornpellet.ch\/fr\/wp-json\/wp\/v2\/pages\/10572\/revisions"}],"predecessor-version":[{"id":10599,"href":"https:\/\/matterhornpellet.ch\/fr\/wp-json\/wp\/v2\/pages\/10572\/revisions\/10599"}],"wp:attachment":[{"href":"https:\/\/matterhornpellet.ch\/fr\/wp-json\/wp\/v2\/media?parent=10572"}],"curies":[{"name":"wp","href":"https:\/\/api.w.org\/{rel}","templated":true}]}}